{"id":845,"date":"2025-01-08T10:16:31","date_gmt":"2025-01-08T10:16:31","guid":{"rendered":"http:\/\/bixpert-dev.local\/sikertortenetek\/"},"modified":"2025-02-10T07:37:12","modified_gmt":"2025-02-10T07:37:12","slug":"success-stories","status":"publish","type":"page","link":"https:\/\/bixpert.hu\/en\/success-stories\/","title":{"rendered":"Success stories"},"content":{"rendered":"","protected":false},"excerpt":{"rendered":"","protected":false},"author":1,"featured_media":0,"parent":0,"menu_order":0,"comment_status":"closed","ping_status":"closed","template":"template-parts\/page-isotope.php","meta":{"_acf_changed":false,"inline_featured_image":false,"footnotes":""},"class_list":["post-845","page","type-page","status-publish","hentry"],"acf":[],"yoast_head":"<!-- This site is optimized with the Yoast SEO plugin v26.8 - https:\/\/yoast.com\/product\/yoast-seo-wordpress\/ -->\n<title>Success stories - Bixpert | Munk\u00e1ra fogjuk adatait<\/title>\n<meta name=\"robots\" content=\"index, follow, max-snippet:-1, max-image-preview:large, max-video-preview:-1\" \/>\n<link rel=\"canonical\" href=\"https:\/\/bixpert.hu\/en\/success-stories\/\" \/>\n<meta property=\"og:locale\" content=\"en_US\" \/>\n<meta property=\"og:type\" content=\"article\" \/>\n<meta property=\"og:title\" content=\"Success stories - Bixpert | Munk\u00e1ra fogjuk adatait\" \/>\n<meta property=\"og:url\" content=\"https:\/\/bixpert.hu\/en\/success-stories\/\" \/>\n<meta property=\"og:site_name\" content=\"Bixpert | Munk\u00e1ra fogjuk adatait\" \/>\n<meta property=\"article:publisher\" content=\"https:\/\/www.facebook.com\/bixpertkft\/\" \/>\n<meta property=\"article:modified_time\" content=\"2025-02-10T07:37:12+00:00\" \/>\n<meta name=\"twitter:card\" content=\"summary_large_image\" \/>\n<script type=\"application\/ld+json\" class=\"yoast-schema-graph\">{\"@context\":\"https:\/\/schema.org\",\"@graph\":[{\"@type\":\"WebPage\",\"@id\":\"https:\/\/bixpert.hu\/en\/success-stories\/\",\"url\":\"https:\/\/bixpert.hu\/en\/success-stories\/\",\"name\":\"Success stories - Bixpert | Munk\u00e1ra fogjuk adatait\",\"isPartOf\":{\"@id\":\"https:\/\/bixpert.hu\/#website\"},\"datePublished\":\"2025-01-08T10:16:31+00:00\",\"dateModified\":\"2025-02-10T07:37:12+00:00\",\"breadcrumb\":{\"@id\":\"https:\/\/bixpert.hu\/en\/success-stories\/#breadcrumb\"},\"inLanguage\":\"en-US\",\"potentialAction\":[{\"@type\":\"ReadAction\",\"target\":[\"https:\/\/bixpert.hu\/en\/success-stories\/\"]}]},{\"@type\":\"BreadcrumbList\",\"@id\":\"https:\/\/bixpert.hu\/en\/success-stories\/#breadcrumb\",\"itemListElement\":[{\"@type\":\"ListItem\",\"position\":1,\"name\":\"Home\",\"item\":\"https:\/\/bixpert.hu\/en\/\"},{\"@type\":\"ListItem\",\"position\":2,\"name\":\"Success stories\"}]},{\"@type\":\"WebSite\",\"@id\":\"https:\/\/bixpert.hu\/#website\",\"url\":\"https:\/\/bixpert.hu\/\",\"name\":\"Bixpert | Munk\u00e1ra fogjuk adatait\",\"description\":\"A vil\u00e1g legjobb BI-technol\u00f3gi\u00e1it szak\u00e9rtelm\u00fcnkkel \u00f6tv\u00f6zve t\u00e1mogatjuk \u00fczleti d\u00f6nt\u00e9seit.\",\"publisher\":{\"@id\":\"https:\/\/bixpert.hu\/#organization\"},\"potentialAction\":[{\"@type\":\"SearchAction\",\"target\":{\"@type\":\"EntryPoint\",\"urlTemplate\":\"https:\/\/bixpert.hu\/?s={search_term_string}\"},\"query-input\":{\"@type\":\"PropertyValueSpecification\",\"valueRequired\":true,\"valueName\":\"search_term_string\"}}],\"inLanguage\":\"en-US\"},{\"@type\":\"Organization\",\"@id\":\"https:\/\/bixpert.hu\/#organization\",\"name\":\"Bixpert | Munk\u00e1ra fogjuk adatait\",\"url\":\"https:\/\/bixpert.hu\/\",\"logo\":{\"@type\":\"ImageObject\",\"inLanguage\":\"en-US\",\"@id\":\"https:\/\/bixpert.hu\/#\/schema\/logo\/image\/\",\"url\":\"https:\/\/bixpert.hu\/wp-content\/uploads\/2025\/01\/bixpert-logo-map.png\",\"contentUrl\":\"https:\/\/bixpert.hu\/wp-content\/uploads\/2025\/01\/bixpert-logo-map.png\",\"width\":120,\"height\":35,\"caption\":\"Bixpert | Munk\u00e1ra fogjuk adatait\"},\"image\":{\"@id\":\"https:\/\/bixpert.hu\/#\/schema\/logo\/image\/\"},\"sameAs\":[\"https:\/\/www.facebook.com\/bixpertkft\/\",\"https:\/\/www.linkedin.com\/company\/10286168\"]}]}<\/script>\n<!-- \/ Yoast SEO plugin. -->","yoast_head_json":{"title":"Success stories - Bixpert | Munk\u00e1ra fogjuk adatait","robots":{"index":"index","follow":"follow","max-snippet":"max-snippet:-1","max-image-preview":"max-image-preview:large","max-video-preview":"max-video-preview:-1"},"canonical":"https:\/\/bixpert.hu\/en\/success-stories\/","og_locale":"en_US","og_type":"article","og_title":"Success stories - Bixpert | Munk\u00e1ra fogjuk adatait","og_url":"https:\/\/bixpert.hu\/en\/success-stories\/","og_site_name":"Bixpert | Munk\u00e1ra fogjuk adatait","article_publisher":"https:\/\/www.facebook.com\/bixpertkft\/","article_modified_time":"2025-02-10T07:37:12+00:00","twitter_card":"summary_large_image","schema":{"@context":"https:\/\/schema.org","@graph":[{"@type":"WebPage","@id":"https:\/\/bixpert.hu\/en\/success-stories\/","url":"https:\/\/bixpert.hu\/en\/success-stories\/","name":"Success stories - Bixpert | Munk\u00e1ra fogjuk adatait","isPartOf":{"@id":"https:\/\/bixpert.hu\/#website"},"datePublished":"2025-01-08T10:16:31+00:00","dateModified":"2025-02-10T07:37:12+00:00","breadcrumb":{"@id":"https:\/\/bixpert.hu\/en\/success-stories\/#breadcrumb"},"inLanguage":"en-US","potentialAction":[{"@type":"ReadAction","target":["https:\/\/bixpert.hu\/en\/success-stories\/"]}]},{"@type":"BreadcrumbList","@id":"https:\/\/bixpert.hu\/en\/success-stories\/#breadcrumb","itemListElement":[{"@type":"ListItem","position":1,"name":"Home","item":"https:\/\/bixpert.hu\/en\/"},{"@type":"ListItem","position":2,"name":"Success stories"}]},{"@type":"WebSite","@id":"https:\/\/bixpert.hu\/#website","url":"https:\/\/bixpert.hu\/","name":"Bixpert | Munk\u00e1ra fogjuk adatait","description":"A vil\u00e1g legjobb BI-technol\u00f3gi\u00e1it szak\u00e9rtelm\u00fcnkkel \u00f6tv\u00f6zve t\u00e1mogatjuk \u00fczleti d\u00f6nt\u00e9seit.","publisher":{"@id":"https:\/\/bixpert.hu\/#organization"},"potentialAction":[{"@type":"SearchAction","target":{"@type":"EntryPoint","urlTemplate":"https:\/\/bixpert.hu\/?s={search_term_string}"},"query-input":{"@type":"PropertyValueSpecification","valueRequired":true,"valueName":"search_term_string"}}],"inLanguage":"en-US"},{"@type":"Organization","@id":"https:\/\/bixpert.hu\/#organization","name":"Bixpert | Munk\u00e1ra fogjuk adatait","url":"https:\/\/bixpert.hu\/","logo":{"@type":"ImageObject","inLanguage":"en-US","@id":"https:\/\/bixpert.hu\/#\/schema\/logo\/image\/","url":"https:\/\/bixpert.hu\/wp-content\/uploads\/2025\/01\/bixpert-logo-map.png","contentUrl":"https:\/\/bixpert.hu\/wp-content\/uploads\/2025\/01\/bixpert-logo-map.png","width":120,"height":35,"caption":"Bixpert | Munk\u00e1ra fogjuk adatait"},"image":{"@id":"https:\/\/bixpert.hu\/#\/schema\/logo\/image\/"},"sameAs":["https:\/\/www.facebook.com\/bixpertkft\/","https:\/\/www.linkedin.com\/company\/10286168"]}]}},"_links":{"self":[{"href":"https:\/\/bixpert.hu\/en\/wp-json\/wp\/v2\/pages\/845","targetHints":{"allow":["GET"]}}],"collection":[{"href":"https:\/\/bixpert.hu\/en\/wp-json\/wp\/v2\/pages"}],"about":[{"href":"https:\/\/bixpert.hu\/en\/wp-json\/wp\/v2\/types\/page"}],"author":[{"embeddable":true,"href":"https:\/\/bixpert.hu\/en\/wp-json\/wp\/v2\/users\/1"}],"replies":[{"embeddable":true,"href":"https:\/\/bixpert.hu\/en\/wp-json\/wp\/v2\/comments?post=845"}],"version-history":[{"count":5,"href":"https:\/\/bixpert.hu\/en\/wp-json\/wp\/v2\/pages\/845\/revisions"}],"predecessor-version":[{"id":1927,"href":"https:\/\/bixpert.hu\/en\/wp-json\/wp\/v2\/pages\/845\/revisions\/1927"}],"wp:attachment":[{"href":"https:\/\/bixpert.hu\/en\/wp-json\/wp\/v2\/media?parent=845"}],"curies":[{"name":"wp","href":"https:\/\/api.w.org\/{rel}","templated":true}]}}