{"id":663,"date":"2025-01-08T10:14:51","date_gmt":"2025-01-08T10:14:51","guid":{"rendered":"http:\/\/bixpert-dev.local\/services\/tanacsadas\/"},"modified":"2025-01-20T09:45:16","modified_gmt":"2025-01-20T09:45:16","slug":"consulting","status":"publish","type":"page","link":"https:\/\/bixpert.hu\/en\/services\/consulting\/","title":{"rendered":"Consulting"},"content":{"rendered":"\n<p>By using the help of our highly experienced business and IT consultants and our own, successfully operating and continuously evolving methodology(BiXPERTISE), we can support our clients from the initial phase of their projects all the way through to the implementation of a fully customized solution. We work closely with our customers as we increase the overall efficacy of their IT systems in order to allow them to achieve their IT and business goals.<\/p>\n\n\n\n<p><\/p>\n","protected":false},"excerpt":{"rendered":"<p>By using the help of our highly experienced business and IT consultants and our own, successfully operating and continuously evolving methodology(BiXPERTISE), we can support our clients from the initial phase of their projects all the way through to the implementation of a fully customized solution. We work closely with our customers as we increase the [&hellip;]<\/p>\n","protected":false},"author":1,"featured_media":0,"parent":652,"menu_order":0,"comment_status":"closed","ping_status":"closed","template":"template-parts\/page-service.php","meta":{"_acf_changed":false,"inline_featured_image":false,"footnotes":""},"class_list":["post-663","page","type-page","status-publish","hentry"],"acf":[],"yoast_head":"<!-- This site is optimized with the Yoast SEO plugin v26.8 - https:\/\/yoast.com\/product\/yoast-seo-wordpress\/ -->\n<title>Consulting - Bixpert | Munk\u00e1ra fogjuk adatait<\/title>\n<meta name=\"robots\" content=\"index, follow, max-snippet:-1, max-image-preview:large, max-video-preview:-1\" \/>\n<link rel=\"canonical\" href=\"https:\/\/bixpert.hu\/en\/services\/consulting\/\" \/>\n<meta property=\"og:locale\" content=\"en_US\" \/>\n<meta property=\"og:type\" content=\"article\" \/>\n<meta property=\"og:title\" content=\"Consulting - Bixpert | Munk\u00e1ra fogjuk adatait\" \/>\n<meta property=\"og:description\" content=\"By using the help of our highly experienced business and IT consultants and our own, successfully operating and continuously evolving methodology(BiXPERTISE), we can support our clients from the initial phase of their projects all the way through to the implementation of a fully customized solution. We work closely with our customers as we increase the [&hellip;]\" \/>\n<meta property=\"og:url\" content=\"https:\/\/bixpert.hu\/en\/services\/consulting\/\" \/>\n<meta property=\"og:site_name\" content=\"Bixpert | Munk\u00e1ra fogjuk adatait\" \/>\n<meta property=\"article:publisher\" content=\"https:\/\/www.facebook.com\/bixpertkft\/\" \/>\n<meta property=\"article:modified_time\" content=\"2025-01-20T09:45:16+00:00\" \/>\n<meta name=\"twitter:card\" content=\"summary_large_image\" \/>\n<script type=\"application\/ld+json\" class=\"yoast-schema-graph\">{\"@context\":\"https:\/\/schema.org\",\"@graph\":[{\"@type\":\"WebPage\",\"@id\":\"https:\/\/bixpert.hu\/en\/services\/consulting\/\",\"url\":\"https:\/\/bixpert.hu\/en\/services\/consulting\/\",\"name\":\"Consulting - Bixpert | Munk\u00e1ra fogjuk adatait\",\"isPartOf\":{\"@id\":\"https:\/\/bixpert.hu\/#website\"},\"datePublished\":\"2025-01-08T10:14:51+00:00\",\"dateModified\":\"2025-01-20T09:45:16+00:00\",\"breadcrumb\":{\"@id\":\"https:\/\/bixpert.hu\/en\/services\/consulting\/#breadcrumb\"},\"inLanguage\":\"en-US\",\"potentialAction\":[{\"@type\":\"ReadAction\",\"target\":[\"https:\/\/bixpert.hu\/en\/services\/consulting\/\"]}]},{\"@type\":\"BreadcrumbList\",\"@id\":\"https:\/\/bixpert.hu\/en\/services\/consulting\/#breadcrumb\",\"itemListElement\":[{\"@type\":\"ListItem\",\"position\":1,\"name\":\"Home\",\"item\":\"https:\/\/bixpert.hu\/en\/\"},{\"@type\":\"ListItem\",\"position\":2,\"name\":\"Services\",\"item\":\"https:\/\/bixpert.hu\/en\/services\/\"},{\"@type\":\"ListItem\",\"position\":3,\"name\":\"Consulting\"}]},{\"@type\":\"WebSite\",\"@id\":\"https:\/\/bixpert.hu\/#website\",\"url\":\"https:\/\/bixpert.hu\/\",\"name\":\"Bixpert | Munk\u00e1ra fogjuk adatait\",\"description\":\"A vil\u00e1g legjobb BI-technol\u00f3gi\u00e1it szak\u00e9rtelm\u00fcnkkel \u00f6tv\u00f6zve t\u00e1mogatjuk \u00fczleti d\u00f6nt\u00e9seit.\",\"publisher\":{\"@id\":\"https:\/\/bixpert.hu\/#organization\"},\"potentialAction\":[{\"@type\":\"SearchAction\",\"target\":{\"@type\":\"EntryPoint\",\"urlTemplate\":\"https:\/\/bixpert.hu\/?s={search_term_string}\"},\"query-input\":{\"@type\":\"PropertyValueSpecification\",\"valueRequired\":true,\"valueName\":\"search_term_string\"}}],\"inLanguage\":\"en-US\"},{\"@type\":\"Organization\",\"@id\":\"https:\/\/bixpert.hu\/#organization\",\"name\":\"Bixpert | Munk\u00e1ra fogjuk adatait\",\"url\":\"https:\/\/bixpert.hu\/\",\"logo\":{\"@type\":\"ImageObject\",\"inLanguage\":\"en-US\",\"@id\":\"https:\/\/bixpert.hu\/#\/schema\/logo\/image\/\",\"url\":\"https:\/\/bixpert.hu\/wp-content\/uploads\/2025\/01\/bixpert-logo-map.png\",\"contentUrl\":\"https:\/\/bixpert.hu\/wp-content\/uploads\/2025\/01\/bixpert-logo-map.png\",\"width\":120,\"height\":35,\"caption\":\"Bixpert | Munk\u00e1ra fogjuk adatait\"},\"image\":{\"@id\":\"https:\/\/bixpert.hu\/#\/schema\/logo\/image\/\"},\"sameAs\":[\"https:\/\/www.facebook.com\/bixpertkft\/\",\"https:\/\/www.linkedin.com\/company\/10286168\"]}]}<\/script>\n<!-- \/ Yoast SEO plugin. -->","yoast_head_json":{"title":"Consulting - Bixpert | Munk\u00e1ra fogjuk adatait","robots":{"index":"index","follow":"follow","max-snippet":"max-snippet:-1","max-image-preview":"max-image-preview:large","max-video-preview":"max-video-preview:-1"},"canonical":"https:\/\/bixpert.hu\/en\/services\/consulting\/","og_locale":"en_US","og_type":"article","og_title":"Consulting - Bixpert | Munk\u00e1ra fogjuk adatait","og_description":"By using the help of our highly experienced business and IT consultants and our own, successfully operating and continuously evolving methodology(BiXPERTISE), we can support our clients from the initial phase of their projects all the way through to the implementation of a fully customized solution. We work closely with our customers as we increase the [&hellip;]","og_url":"https:\/\/bixpert.hu\/en\/services\/consulting\/","og_site_name":"Bixpert | Munk\u00e1ra fogjuk adatait","article_publisher":"https:\/\/www.facebook.com\/bixpertkft\/","article_modified_time":"2025-01-20T09:45:16+00:00","twitter_card":"summary_large_image","schema":{"@context":"https:\/\/schema.org","@graph":[{"@type":"WebPage","@id":"https:\/\/bixpert.hu\/en\/services\/consulting\/","url":"https:\/\/bixpert.hu\/en\/services\/consulting\/","name":"Consulting - Bixpert | Munk\u00e1ra fogjuk adatait","isPartOf":{"@id":"https:\/\/bixpert.hu\/#website"},"datePublished":"2025-01-08T10:14:51+00:00","dateModified":"2025-01-20T09:45:16+00:00","breadcrumb":{"@id":"https:\/\/bixpert.hu\/en\/services\/consulting\/#breadcrumb"},"inLanguage":"en-US","potentialAction":[{"@type":"ReadAction","target":["https:\/\/bixpert.hu\/en\/services\/consulting\/"]}]},{"@type":"BreadcrumbList","@id":"https:\/\/bixpert.hu\/en\/services\/consulting\/#breadcrumb","itemListElement":[{"@type":"ListItem","position":1,"name":"Home","item":"https:\/\/bixpert.hu\/en\/"},{"@type":"ListItem","position":2,"name":"Services","item":"https:\/\/bixpert.hu\/en\/services\/"},{"@type":"ListItem","position":3,"name":"Consulting"}]},{"@type":"WebSite","@id":"https:\/\/bixpert.hu\/#website","url":"https:\/\/bixpert.hu\/","name":"Bixpert | Munk\u00e1ra fogjuk adatait","description":"A vil\u00e1g legjobb BI-technol\u00f3gi\u00e1it szak\u00e9rtelm\u00fcnkkel \u00f6tv\u00f6zve t\u00e1mogatjuk \u00fczleti d\u00f6nt\u00e9seit.","publisher":{"@id":"https:\/\/bixpert.hu\/#organization"},"potentialAction":[{"@type":"SearchAction","target":{"@type":"EntryPoint","urlTemplate":"https:\/\/bixpert.hu\/?s={search_term_string}"},"query-input":{"@type":"PropertyValueSpecification","valueRequired":true,"valueName":"search_term_string"}}],"inLanguage":"en-US"},{"@type":"Organization","@id":"https:\/\/bixpert.hu\/#organization","name":"Bixpert | Munk\u00e1ra fogjuk adatait","url":"https:\/\/bixpert.hu\/","logo":{"@type":"ImageObject","inLanguage":"en-US","@id":"https:\/\/bixpert.hu\/#\/schema\/logo\/image\/","url":"https:\/\/bixpert.hu\/wp-content\/uploads\/2025\/01\/bixpert-logo-map.png","contentUrl":"https:\/\/bixpert.hu\/wp-content\/uploads\/2025\/01\/bixpert-logo-map.png","width":120,"height":35,"caption":"Bixpert | Munk\u00e1ra fogjuk adatait"},"image":{"@id":"https:\/\/bixpert.hu\/#\/schema\/logo\/image\/"},"sameAs":["https:\/\/www.facebook.com\/bixpertkft\/","https:\/\/www.linkedin.com\/company\/10286168"]}]}},"_links":{"self":[{"href":"https:\/\/bixpert.hu\/en\/wp-json\/wp\/v2\/pages\/663","targetHints":{"allow":["GET"]}}],"collection":[{"href":"https:\/\/bixpert.hu\/en\/wp-json\/wp\/v2\/pages"}],"about":[{"href":"https:\/\/bixpert.hu\/en\/wp-json\/wp\/v2\/types\/page"}],"author":[{"embeddable":true,"href":"https:\/\/bixpert.hu\/en\/wp-json\/wp\/v2\/users\/1"}],"replies":[{"embeddable":true,"href":"https:\/\/bixpert.hu\/en\/wp-json\/wp\/v2\/comments?post=663"}],"version-history":[{"count":1,"href":"https:\/\/bixpert.hu\/en\/wp-json\/wp\/v2\/pages\/663\/revisions"}],"predecessor-version":[{"id":666,"href":"https:\/\/bixpert.hu\/en\/wp-json\/wp\/v2\/pages\/663\/revisions\/666"}],"up":[{"embeddable":true,"href":"https:\/\/bixpert.hu\/en\/wp-json\/wp\/v2\/pages\/652"}],"wp:attachment":[{"href":"https:\/\/bixpert.hu\/en\/wp-json\/wp\/v2\/media?parent=663"}],"curies":[{"name":"wp","href":"https:\/\/api.w.org\/{rel}","templated":true}]}}