{"id":655,"date":"2025-01-08T10:15:02","date_gmt":"2025-01-08T10:15:02","guid":{"rendered":"http:\/\/bixpert-dev.local\/services\/oktatas\/"},"modified":"2025-01-20T09:42:57","modified_gmt":"2025-01-20T09:42:57","slug":"training","status":"publish","type":"page","link":"https:\/\/bixpert.hu\/en\/services\/training\/","title":{"rendered":"Training"},"content":{"rendered":"\n<p>Our consulting company, comprised of consultants with a high level of business experience and IT knowledge, conducts product-related training activities as a partner of MicroStrategy, Jedox, Visual Crossing and Exasol.<\/p>\n\n\n\n<p>The training is given by our consultants who share not only proficiency in the management of these tools, but also knowledge about the subtleties of the approach needed to handle such new technology in practical applications. Such instruction is also accompanied by theoretical curricula in our efforts to give a wholistic view of our partners\u2019 products.<\/p>\n\n\n\n<p>We have put together our educational topics so that everyone, from beginners to advanced administrators and project managers, can find the right BI technology for them. Our training is organized by topic. We provide half-day, intensive, instructor-led seminars, complete with lots of opportunities for practice. It is also possible to hold companywide training events tailored to specific needs.<\/p>\n","protected":false},"excerpt":{"rendered":"<p>Our consulting company, comprised of consultants with a high level of business experience and IT knowledge, conducts product-related training activities as a partner of MicroStrategy, Jedox, Visual Crossing and Exasol. The training is given by our consultants who share not only proficiency in the management of these tools, but also knowledge about the subtleties of [&hellip;]<\/p>\n","protected":false},"author":1,"featured_media":0,"parent":652,"menu_order":0,"comment_status":"closed","ping_status":"closed","template":"template-parts\/page-service.php","meta":{"_acf_changed":false,"inline_featured_image":false,"footnotes":""},"class_list":["post-655","page","type-page","status-publish","hentry"],"acf":[],"yoast_head":"<!-- This site is optimized with the Yoast SEO plugin v26.8 - https:\/\/yoast.com\/product\/yoast-seo-wordpress\/ -->\n<title>Training - Bixpert | Munk\u00e1ra fogjuk adatait<\/title>\n<meta name=\"robots\" content=\"index, follow, max-snippet:-1, max-image-preview:large, max-video-preview:-1\" \/>\n<link rel=\"canonical\" href=\"https:\/\/bixpert.hu\/en\/services\/training\/\" \/>\n<meta property=\"og:locale\" content=\"en_US\" \/>\n<meta property=\"og:type\" content=\"article\" \/>\n<meta property=\"og:title\" content=\"Training - Bixpert | Munk\u00e1ra fogjuk adatait\" \/>\n<meta property=\"og:description\" content=\"Our consulting company, comprised of consultants with a high level of business experience and IT knowledge, conducts product-related training activities as a partner of MicroStrategy, Jedox, Visual Crossing and Exasol. The training is given by our consultants who share not only proficiency in the management of these tools, but also knowledge about the subtleties of [&hellip;]\" \/>\n<meta property=\"og:url\" content=\"https:\/\/bixpert.hu\/en\/services\/training\/\" \/>\n<meta property=\"og:site_name\" content=\"Bixpert | Munk\u00e1ra fogjuk adatait\" \/>\n<meta property=\"article:publisher\" content=\"https:\/\/www.facebook.com\/bixpertkft\/\" \/>\n<meta property=\"article:modified_time\" content=\"2025-01-20T09:42:57+00:00\" \/>\n<meta name=\"twitter:card\" content=\"summary_large_image\" \/>\n<meta name=\"twitter:label1\" content=\"Est. reading time\" \/>\n\t<meta name=\"twitter:data1\" content=\"1 minute\" \/>\n<script type=\"application\/ld+json\" class=\"yoast-schema-graph\">{\"@context\":\"https:\/\/schema.org\",\"@graph\":[{\"@type\":\"WebPage\",\"@id\":\"https:\/\/bixpert.hu\/en\/services\/training\/\",\"url\":\"https:\/\/bixpert.hu\/en\/services\/training\/\",\"name\":\"Training - Bixpert | Munk\u00e1ra fogjuk adatait\",\"isPartOf\":{\"@id\":\"https:\/\/bixpert.hu\/#website\"},\"datePublished\":\"2025-01-08T10:15:02+00:00\",\"dateModified\":\"2025-01-20T09:42:57+00:00\",\"breadcrumb\":{\"@id\":\"https:\/\/bixpert.hu\/en\/services\/training\/#breadcrumb\"},\"inLanguage\":\"en-US\",\"potentialAction\":[{\"@type\":\"ReadAction\",\"target\":[\"https:\/\/bixpert.hu\/en\/services\/training\/\"]}]},{\"@type\":\"BreadcrumbList\",\"@id\":\"https:\/\/bixpert.hu\/en\/services\/training\/#breadcrumb\",\"itemListElement\":[{\"@type\":\"ListItem\",\"position\":1,\"name\":\"Home\",\"item\":\"https:\/\/bixpert.hu\/en\/\"},{\"@type\":\"ListItem\",\"position\":2,\"name\":\"Services\",\"item\":\"https:\/\/bixpert.hu\/en\/services\/\"},{\"@type\":\"ListItem\",\"position\":3,\"name\":\"Training\"}]},{\"@type\":\"WebSite\",\"@id\":\"https:\/\/bixpert.hu\/#website\",\"url\":\"https:\/\/bixpert.hu\/\",\"name\":\"Bixpert | Munk\u00e1ra fogjuk adatait\",\"description\":\"A vil\u00e1g legjobb BI-technol\u00f3gi\u00e1it szak\u00e9rtelm\u00fcnkkel \u00f6tv\u00f6zve t\u00e1mogatjuk \u00fczleti d\u00f6nt\u00e9seit.\",\"publisher\":{\"@id\":\"https:\/\/bixpert.hu\/#organization\"},\"potentialAction\":[{\"@type\":\"SearchAction\",\"target\":{\"@type\":\"EntryPoint\",\"urlTemplate\":\"https:\/\/bixpert.hu\/?s={search_term_string}\"},\"query-input\":{\"@type\":\"PropertyValueSpecification\",\"valueRequired\":true,\"valueName\":\"search_term_string\"}}],\"inLanguage\":\"en-US\"},{\"@type\":\"Organization\",\"@id\":\"https:\/\/bixpert.hu\/#organization\",\"name\":\"Bixpert | Munk\u00e1ra fogjuk adatait\",\"url\":\"https:\/\/bixpert.hu\/\",\"logo\":{\"@type\":\"ImageObject\",\"inLanguage\":\"en-US\",\"@id\":\"https:\/\/bixpert.hu\/#\/schema\/logo\/image\/\",\"url\":\"https:\/\/bixpert.hu\/wp-content\/uploads\/2025\/01\/bixpert-logo-map.png\",\"contentUrl\":\"https:\/\/bixpert.hu\/wp-content\/uploads\/2025\/01\/bixpert-logo-map.png\",\"width\":120,\"height\":35,\"caption\":\"Bixpert | Munk\u00e1ra fogjuk adatait\"},\"image\":{\"@id\":\"https:\/\/bixpert.hu\/#\/schema\/logo\/image\/\"},\"sameAs\":[\"https:\/\/www.facebook.com\/bixpertkft\/\",\"https:\/\/www.linkedin.com\/company\/10286168\"]}]}<\/script>\n<!-- \/ Yoast SEO plugin. -->","yoast_head_json":{"title":"Training - Bixpert | Munk\u00e1ra fogjuk adatait","robots":{"index":"index","follow":"follow","max-snippet":"max-snippet:-1","max-image-preview":"max-image-preview:large","max-video-preview":"max-video-preview:-1"},"canonical":"https:\/\/bixpert.hu\/en\/services\/training\/","og_locale":"en_US","og_type":"article","og_title":"Training - Bixpert | Munk\u00e1ra fogjuk adatait","og_description":"Our consulting company, comprised of consultants with a high level of business experience and IT knowledge, conducts product-related training activities as a partner of MicroStrategy, Jedox, Visual Crossing and Exasol. The training is given by our consultants who share not only proficiency in the management of these tools, but also knowledge about the subtleties of [&hellip;]","og_url":"https:\/\/bixpert.hu\/en\/services\/training\/","og_site_name":"Bixpert | Munk\u00e1ra fogjuk adatait","article_publisher":"https:\/\/www.facebook.com\/bixpertkft\/","article_modified_time":"2025-01-20T09:42:57+00:00","twitter_card":"summary_large_image","twitter_misc":{"Est. reading time":"1 minute"},"schema":{"@context":"https:\/\/schema.org","@graph":[{"@type":"WebPage","@id":"https:\/\/bixpert.hu\/en\/services\/training\/","url":"https:\/\/bixpert.hu\/en\/services\/training\/","name":"Training - Bixpert | Munk\u00e1ra fogjuk adatait","isPartOf":{"@id":"https:\/\/bixpert.hu\/#website"},"datePublished":"2025-01-08T10:15:02+00:00","dateModified":"2025-01-20T09:42:57+00:00","breadcrumb":{"@id":"https:\/\/bixpert.hu\/en\/services\/training\/#breadcrumb"},"inLanguage":"en-US","potentialAction":[{"@type":"ReadAction","target":["https:\/\/bixpert.hu\/en\/services\/training\/"]}]},{"@type":"BreadcrumbList","@id":"https:\/\/bixpert.hu\/en\/services\/training\/#breadcrumb","itemListElement":[{"@type":"ListItem","position":1,"name":"Home","item":"https:\/\/bixpert.hu\/en\/"},{"@type":"ListItem","position":2,"name":"Services","item":"https:\/\/bixpert.hu\/en\/services\/"},{"@type":"ListItem","position":3,"name":"Training"}]},{"@type":"WebSite","@id":"https:\/\/bixpert.hu\/#website","url":"https:\/\/bixpert.hu\/","name":"Bixpert | Munk\u00e1ra fogjuk adatait","description":"A vil\u00e1g legjobb BI-technol\u00f3gi\u00e1it szak\u00e9rtelm\u00fcnkkel \u00f6tv\u00f6zve t\u00e1mogatjuk \u00fczleti d\u00f6nt\u00e9seit.","publisher":{"@id":"https:\/\/bixpert.hu\/#organization"},"potentialAction":[{"@type":"SearchAction","target":{"@type":"EntryPoint","urlTemplate":"https:\/\/bixpert.hu\/?s={search_term_string}"},"query-input":{"@type":"PropertyValueSpecification","valueRequired":true,"valueName":"search_term_string"}}],"inLanguage":"en-US"},{"@type":"Organization","@id":"https:\/\/bixpert.hu\/#organization","name":"Bixpert | Munk\u00e1ra fogjuk adatait","url":"https:\/\/bixpert.hu\/","logo":{"@type":"ImageObject","inLanguage":"en-US","@id":"https:\/\/bixpert.hu\/#\/schema\/logo\/image\/","url":"https:\/\/bixpert.hu\/wp-content\/uploads\/2025\/01\/bixpert-logo-map.png","contentUrl":"https:\/\/bixpert.hu\/wp-content\/uploads\/2025\/01\/bixpert-logo-map.png","width":120,"height":35,"caption":"Bixpert | Munk\u00e1ra fogjuk adatait"},"image":{"@id":"https:\/\/bixpert.hu\/#\/schema\/logo\/image\/"},"sameAs":["https:\/\/www.facebook.com\/bixpertkft\/","https:\/\/www.linkedin.com\/company\/10286168"]}]}},"_links":{"self":[{"href":"https:\/\/bixpert.hu\/en\/wp-json\/wp\/v2\/pages\/655","targetHints":{"allow":["GET"]}}],"collection":[{"href":"https:\/\/bixpert.hu\/en\/wp-json\/wp\/v2\/pages"}],"about":[{"href":"https:\/\/bixpert.hu\/en\/wp-json\/wp\/v2\/types\/page"}],"author":[{"embeddable":true,"href":"https:\/\/bixpert.hu\/en\/wp-json\/wp\/v2\/users\/1"}],"replies":[{"embeddable":true,"href":"https:\/\/bixpert.hu\/en\/wp-json\/wp\/v2\/comments?post=655"}],"version-history":[{"count":6,"href":"https:\/\/bixpert.hu\/en\/wp-json\/wp\/v2\/pages\/655\/revisions"}],"predecessor-version":[{"id":665,"href":"https:\/\/bixpert.hu\/en\/wp-json\/wp\/v2\/pages\/655\/revisions\/665"}],"up":[{"embeddable":true,"href":"https:\/\/bixpert.hu\/en\/wp-json\/wp\/v2\/pages\/652"}],"wp:attachment":[{"href":"https:\/\/bixpert.hu\/en\/wp-json\/wp\/v2\/media?parent=655"}],"curies":[{"name":"wp","href":"https:\/\/api.w.org\/{rel}","templated":true}]}}